{"id":6812,"date":"2013-11-21T13:06:26","date_gmt":"2013-11-21T13:06:26","guid":{"rendered":"http:\/\/climaterevolution.co.uk\/wp\/?page_id=6812"},"modified":"2024-12-08T02:31:45","modified_gmt":"2024-12-08T02:31:45","slug":"zeitz-foundation","status":"publish","type":"page","link":"https:\/\/climaterevolution.co.uk\/wp\/zeitz-foundation\/","title":{"rendered":"Zeitz Foundation"},"content":{"rendered":"<p><a href=\"http:\/\/climaterevolution.co.uk\/wp\/wp-content\/uploads\/2013\/11\/africa-school.jpg\"><img loading=\"lazy\" class=\"alignleft size-full wp-image-7295\" src=\"http:\/\/climaterevolution.co.uk\/wp\/wp-content\/uploads\/2013\/11\/africa-school.jpg\" alt=\"Uaso Nyiro school\" width=\"640\" height=\"427\" \/><\/a><\/p>\n<p>I went to a reception to mark a CNBC film on the philanthropic projects of Jochen Zeitz and the Zeitz Foundation. Jochen owns Segera Ranch, a 50,000 acre wildlife conservancy in Laikipia Kenya and his foundation works on conservation, cultural and community development projects with the 420,000 people in the area. Andreas and I visited Kenya and Segera and have since become Ambassadors for the Zeitz Foundation.<\/p>\n<p>One of the Zeitz Foundations projects is at a local primary school, the Uaso Nyiro school, which I am the Patron of and have provided books and other support to for several years.\u00a0 The school won a prize last month as the \u2018Earths Greenest school\u2019 from the US Green Building Council. When I heard I said \u2018no wonder\u2019 because they have absolutely no carbon footprint and Zeitz have just built the first ever \u2018Waterbank\u2019 buildings there, which are designed by PITCHAfrica.\u00a0 The way these buildings are designed means that they capture all the rain that falls on them and store this in a huge 150,000 lt tank underneath the school.<\/p>\n<p>As apostas esportivas no Brasil cresceram rapidamente nos \u00faltimos anos, tornando-se uma febre nacional. Com o futebol como destaque, milh\u00f5es de brasileiros acessam plataformas de <strong>betting<\/strong> para unir paix\u00e3o pelo esporte e a chance de ganhar pr\u00eamios. Desde a legaliza\u00e7\u00e3o, o setor vem atraindo empresas nacionais e internacionais, fomentando o mercado e gerando novas oportunidades econ\u00f4micas. No entanto, o crescimento acelerado exige aten\u00e7\u00e3o \u00e0 regulamenta\u00e7\u00e3o e ao jogo respons\u00e1vel, para proteger os usu\u00e1rios e fortalecer a credibilidade do setor. As apostas esportivas hoje representam um fen\u00f4meno cultural e econ\u00f4mico, com potencial de transformar o mercado de entretenimento brasileiro.<\/p>\n<p>Now they have all the clean water they need, they had absolutely none before, and this means that the health of the 770 children attending has improved dramatically and attendance at the school has increased by about 25%. They also now have water for agriculture and a big <a href=\"https:\/\/esporte.casino\">bet<\/a> conservation agriculture plot which provides green vegetables and other food for the children and trains them and the rest of the community how to farm with minimal water and no pesticides or fertilisers.\u00a0\u00a0 They\u2019ve also planted thousands\u00a0 of trees and set up a nursery for indigenous trees and they have an Eco Club which engages in environmental activities throughout Segera and Laikipia. They are using the same design in other schools in the area. I suspect everyone will be adopting this design for schools soon, it&#8217;s a great idea.<\/p>\n<p>\u00a0<\/p>\n<div id=\"attachment_7301\" style=\"width: 1165px\" class=\"wp-caption aligncenter\"><a href=\"http:\/\/climaterevolution.co.uk\/wp\/wp-content\/uploads\/2013\/11\/uaso-nyiro-school.jpg\"><img aria-describedby=\"caption-attachment-7301\" loading=\"lazy\" class=\"size-full wp-image-7301\" title=\"Uaso Nyiro Primary School\" src=\"http:\/\/climaterevolution.co.uk\/wp\/wp-content\/uploads\/2013\/11\/uaso-nyiro-school.jpg\" alt=\"uaso-nyiro-school\" width=\"1155\" height=\"645\" \/><\/a><p id=\"caption-attachment-7301\" class=\"wp-caption-text\">Congratulations to Uaso Nyiro Primary School &#8211; Waterbank School buildings &#8211; in Laikipia County for winning international distinction as the recipient of \u2018The Greenest School on Earth 2013\u2019 award<\/p><\/div>\n<p>\u00a0<\/p>\n\n\n<div class=\"wp-block-columns\">\n<div class=\"wp-block-column is-vertically-aligned-top\">\n<figure class=\"wp-block-image size-large\"><img loading=\"lazy\" width=\"640\" height=\"427\" src=\"https:\/\/climaterevolution.co.uk\/wp\/wp-content\/uploads\/2022\/04\/01-1.jpg\" alt=\"\" class=\"wp-image-17944\" srcset=\"https:\/\/climaterevolution.co.uk\/wp\/wp-content\/uploads\/2022\/04\/01-1.jpg 640w, https:\/\/climaterevolution.co.uk\/wp\/wp-content\/uploads\/2022\/04\/01-1-300x200.jpg 300w, https:\/\/climaterevolution.co.uk\/wp\/wp-content\/uploads\/2022\/04\/01-1-150x100.jpg 150w\" sizes=\"(max-width: 640px) 100vw, 640px\" \/><figcaption>ANOTHER SAMPLE just write whatever you want here<\/figcaption><\/figure>\n<\/div>\n\n\n\n<div class=\"wp-block-column\">\n<figure class=\"wp-block-image size-large\"><img loading=\"lazy\" width=\"640\" height=\"427\" src=\"https:\/\/climaterevolution.co.uk\/wp\/wp-content\/uploads\/2022\/04\/02.jpg\" alt=\"\" class=\"wp-image-17937\" srcset=\"https:\/\/climaterevolution.co.uk\/wp\/wp-content\/uploads\/2022\/04\/02.jpg 640w, https:\/\/climaterevolution.co.uk\/wp\/wp-content\/uploads\/2022\/04\/02-300x200.jpg 300w, https:\/\/climaterevolution.co.uk\/wp\/wp-content\/uploads\/2022\/04\/02-150x100.jpg 150w\" sizes=\"(max-width: 640px) 100vw, 640px\" \/><figcaption>THIS IS A SAMPLE<\/figcaption><\/figure>\n<\/div>\n<\/div>\n\n\n\n<figure class=\"wp-block-gallery columns-2 is-cropped\"><ul class=\"blocks-gallery-grid\"><li class=\"blocks-gallery-item\"><figure><img loading=\"lazy\" width=\"640\" height=\"427\" src=\"https:\/\/climaterevolution.co.uk\/wp\/wp-content\/uploads\/2022\/04\/02.jpg\" alt=\"\" data-id=\"17937\" data-full-url=\"https:\/\/climaterevolution.co.uk\/wp\/wp-content\/uploads\/2022\/04\/02.jpg\" data-link=\"https:\/\/climaterevolution.co.uk\/wp\/zeitz-foundation\/02-9\/\" class=\"wp-image-17937\" srcset=\"https:\/\/climaterevolution.co.uk\/wp\/wp-content\/uploads\/2022\/04\/02.jpg 640w, https:\/\/climaterevolution.co.uk\/wp\/wp-content\/uploads\/2022\/04\/02-300x200.jpg 300w, https:\/\/climaterevolution.co.uk\/wp\/wp-content\/uploads\/2022\/04\/02-150x100.jpg 150w\" sizes=\"(max-width: 640px) 100vw, 640px\" \/><figcaption class=\"blocks-gallery-item__caption\">THIS IS A SAMPLE<\/figcaption><\/figure><\/li><li class=\"blocks-gallery-item\"><figure><img loading=\"lazy\" width=\"640\" height=\"427\" src=\"https:\/\/climaterevolution.co.uk\/wp\/wp-content\/uploads\/2022\/04\/01-1.jpg\" alt=\"\" data-id=\"17944\" data-full-url=\"https:\/\/climaterevolution.co.uk\/wp\/wp-content\/uploads\/2022\/04\/01-1.jpg\" data-link=\"https:\/\/climaterevolution.co.uk\/wp\/zeitz-foundation\/01-1\/\" class=\"wp-image-17944\" srcset=\"https:\/\/climaterevolution.co.uk\/wp\/wp-content\/uploads\/2022\/04\/01-1.jpg 640w, https:\/\/climaterevolution.co.uk\/wp\/wp-content\/uploads\/2022\/04\/01-1-300x200.jpg 300w, https:\/\/climaterevolution.co.uk\/wp\/wp-content\/uploads\/2022\/04\/01-1-150x100.jpg 150w\" sizes=\"(max-width: 640px) 100vw, 640px\" \/><figcaption class=\"blocks-gallery-item__caption\">ANOTHER SAMPLE<\/figcaption><\/figure><\/li><\/ul><\/figure>\n","protected":false},"excerpt":{"rendered":"<p>I went to a reception to mark a CNBC film &hellip; <a href=\"https:\/\/climaterevolution.co.uk\/wp\/zeitz-foundation\/\" rel=\"bookmark\" title=\"Continue reading: Zeitz Foundation\" >Continue reading <span class=\"meta-nav\">&rarr;<\/span><\/a><\/p>\n","protected":false},"author":5,"featured_media":0,"parent":0,"menu_order":0,"comment_status":"open","ping_status":"closed","template":"template-fullwidth.php","meta":[],"_links":{"self":[{"href":"https:\/\/climaterevolution.co.uk\/wp\/wp-json\/wp\/v2\/pages\/6812"}],"collection":[{"href":"https:\/\/climaterevolution.co.uk\/wp\/wp-json\/wp\/v2\/pages"}],"about":[{"href":"https:\/\/climaterevolution.co.uk\/wp\/wp-json\/wp\/v2\/types\/page"}],"author":[{"embeddable":true,"href":"https:\/\/climaterevolution.co.uk\/wp\/wp-json\/wp\/v2\/users\/5"}],"replies":[{"embeddable":true,"href":"https:\/\/climaterevolution.co.uk\/wp\/wp-json\/wp\/v2\/comments?post=6812"}],"version-history":[{"count":16,"href":"https:\/\/climaterevolution.co.uk\/wp\/wp-json\/wp\/v2\/pages\/6812\/revisions"}],"predecessor-version":[{"id":18529,"href":"https:\/\/climaterevolution.co.uk\/wp\/wp-json\/wp\/v2\/pages\/6812\/revisions\/18529"}],"wp:attachment":[{"href":"https:\/\/climaterevolution.co.uk\/wp\/wp-json\/wp\/v2\/media?parent=6812"}],"curies":[{"name":"wp","href":"https:\/\/api.w.org\/{rel}","templated":true}]}}